{"id":254126,"date":"2025-12-17T15:47:58","date_gmt":"2025-12-17T14:47:58","guid":{"rendered":"https:\/\/cyberforces.com\/privacy-policy-gdpr"},"modified":"2025-12-17T15:47:59","modified_gmt":"2025-12-17T14:47:59","slug":"privacy-policy-gdpr","status":"publish","type":"page","link":"https:\/\/cyberforces.com\/en\/privacy-policy-gdpr","title":{"rendered":"Privacy Policy (GDPR)"},"content":{"rendered":"<p>[et_pb_section fb_built=&#8221;1&#8243; _builder_version=&#8221;4.27.4&#8243; _module_preset=&#8221;default&#8221; background_color=&#8221;#EDF2FA&#8221; custom_margin=&#8221;||||false|false&#8221; custom_padding=&#8221;||||false|false&#8221; da_disable_devices=&#8221;off|off|off&#8221; border_radii=&#8221;off||||&#8221; global_colors_info=&#8221;{}&#8221; da_is_popup=&#8221;off&#8221; da_exit_intent=&#8221;off&#8221; da_has_close=&#8221;on&#8221; da_alt_close=&#8221;off&#8221; da_dark_close=&#8221;off&#8221; da_not_modal=&#8221;on&#8221; da_is_singular=&#8221;off&#8221; da_with_loader=&#8221;off&#8221; da_has_shadow=&#8221;on&#8221;][et_pb_row _builder_version=&#8221;4.27.4&#8243; _module_preset=&#8221;default&#8221; global_colors_info=&#8221;{}&#8221;][et_pb_column type=&#8221;4_4&#8243; _builder_version=&#8221;4.27.4&#8243; _module_preset=&#8221;default&#8221; global_colors_info=&#8221;{}&#8221;][et_pb_text _builder_version=&#8221;4.27.4&#8243; _module_preset=&#8221;default&#8221; header_text_color=&#8221;#151C4B&#8221; header_2_font=&#8221;|700|||||||&#8221; header_2_text_color=&#8221;#151C4B&#8221; header_2_line_height=&#8221;1.2em&#8221; header_3_text_align=&#8221;center&#8221; custom_margin=&#8221;||10px||false|false&#8221; custom_padding=&#8221;||||true|true&#8221; global_colors_info=&#8221;{}&#8221;]<\/p>\n<h1 style=\"text-align: center;\"><strong><span>Privacy policy (GDPR)<\/span><\/strong><\/h1>\n<p>[\/et_pb_text][et_pb_divider color=&#8221;#B01E30&#8243; divider_weight=&#8221;5px&#8221; _builder_version=&#8221;4.27.4&#8243; _module_preset=&#8221;default&#8221; width=&#8221;15%&#8221; module_alignment=&#8221;center&#8221; custom_margin=&#8221;||0px||false|false&#8221; custom_padding=&#8221;||0px||false|false&#8221; global_colors_info=&#8221;{}&#8221;][\/et_pb_divider][\/et_pb_column][\/et_pb_row][et_pb_row use_custom_gutter=&#8221;on&#8221; gutter_width=&#8221;1&#8243; make_equal=&#8221;on&#8221; _builder_version=&#8221;4.27.4&#8243; _module_preset=&#8221;default&#8221; background_color=&#8221;#FFFFFF&#8221; custom_margin=&#8221;||||false|false&#8221; custom_padding=&#8221;||||false|false&#8221; custom_css_main_element=&#8221;display: flex;||align-items: center; &#8221; border_radii=&#8221;on|10px|10px|10px|10px&#8221; box_shadow_style=&#8221;preset1&#8243; box_shadow_blur=&#8221;10px&#8221; locked=&#8221;off&#8221; global_colors_info=&#8221;{}&#8221; custom_css_main_element_last_edited=&#8221;on|phone&#8221; custom_css_main_element_tablet=&#8221;display: flex;||align-items: center; &#8221; custom_css_main_element_phone=&#8221;display: flex;||align-items: center; &#8220;][et_pb_column type=&#8221;4_4&#8243; _builder_version=&#8221;4.27.4&#8243; _module_preset=&#8221;default&#8221; background_color=&#8221;#FFFFFF&#8221; custom_padding=&#8221;24px|48px|24px|48px|true|false&#8221; animation_style=&#8221;fade&#8221; animation_direction=&#8221;left&#8221; custom_css_main_element=&#8221;||||||&#8221; global_colors_info=&#8221;{}&#8221; transform_styles__hover_enabled=&#8221;on|hover&#8221; transform_scale__hover_enabled=&#8221;on|hover&#8221; transform_translate__hover_enabled=&#8221;on|desktop&#8221; transform_rotate__hover_enabled=&#8221;on|desktop&#8221; transform_skew__hover_enabled=&#8221;on|desktop&#8221; transform_origin__hover_enabled=&#8221;on|desktop&#8221;][et_pb_text module_class=&#8221;cf_bullet&#8221; _builder_version=&#8221;4.27.4&#8243; _module_preset=&#8221;default&#8221; text_text_color=&#8221;#485060&#8243; text_font_size=&#8221;1.2em&#8221; header_2_text_color=&#8221;#151C4B&#8221; header_3_text_color=&#8221;#151C4B&#8221; custom_margin=&#8221;||10px||false|false&#8221; hover_enabled=&#8221;0&#8243; global_colors_info=&#8221;{}&#8221; sticky_enabled=&#8221;0&#8243;]<\/p>\n<p>This Privacy Policy (hereinafter referred to as the \u201cPolicy\u201d) defines the issues related to the processing of personal data and statistical and marketing tools on the websites used by the PDC (hereinafter referred to as the \u201cSites\u201d) by \u201c<strong>TESTARMY GROUP SP\u00d3\u0141KA AKCYJNA<\/strong> with its registered office at ul. Petuniowa 9\/5, 53-238 Wroc\u0142aw (hereinafter referred to as the \u201cPDC\u201d).<br \/>The policy also specifies the use of cookies.<\/p>\n<p><\/p>\n<h3><strong>Personal Data<\/strong><\/h3>\n<p><\/p>\n<p>The controller of the Personal Data (PDC) processed in the course of the conducted business is \u201cTESTARMY GROUP SP\u00d3\u0141KA AKCYJNA ul. Petuniowa 9\/5, 53-238 Wroc\u0142aw (hereinafter referred to as \u201cPDC\u201d).<\/p>\n<p><\/p>\n<p>Personal data are processed by the PDC in accordance with Regulation (EU) 2016\/679 of the European Parliament and of the Council of April 27, 2016 on the protection of individuals with regard to the processing of personal data and on the free movement of such data and repealing Directive 95\/46\/EC (General Data Protection Regulation.<\/p>\n<p><\/p>\n<p>Depending on its needs, PDC processes personal data for the following purposes:<\/p>\n<p><\/p>\n<ol>\n<li>performance of direct marketing of its own products and services \u2013\u00a0<a href=\"https:\/\/testarmy.com\/wp-content\/uploads\/2023\/03\/Legal-Notice-Performance-of-direct-marketing-of-its-own-products-and-services-1.pdf\">legal notice<\/a><strong>,<\/strong><\/li>\n<li>maintaining profiles on social media channels \u2013\u00a0<a href=\"https:\/\/testarmy.com\/wp-content\/uploads\/2023\/03\/Legal-Notice-Maintaining-profiles-on-social-media-channel-1.pdf\">legal notice<\/a><strong>,<\/strong><\/li>\n<li>submitting an offer to customer \u2013\u00a0<a href=\"https:\/\/testarmy.com\/wp-content\/uploads\/2023\/03\/Legal-Notice-Submitting-an-offer-to-customer.pdf\"><strong>legal notice<\/strong><\/a>,<\/li>\n<li>concluding a contract with customer \u2013\u00a0<a href=\"https:\/\/testarmy.com\/wp-content\/uploads\/2023\/03\/Legal-Notice-Concluding-a-contract-with-customer-1.pdf\"><strong>legal notice<\/strong><\/a>,<\/li>\n<li>concluding a contract with supplier \u2013\u00a0<a href=\"https:\/\/testarmy.com\/wp-content\/uploads\/2023\/03\/Legal-Notice-Concluding-a-contract-with-supplier-1.pdf\"><strong>legal notice<\/strong><\/a>,<\/li>\n<li>cooperation with contact persons from entities cooperating with PDC (contractors) \u2013\u00a0<a href=\"https:\/\/testarmy.com\/wp-content\/uploads\/2023\/03\/Legal-Notice-Cooperation-with-contact-persons-from-entities-cooperating-with-PDC-1.pdf\"><strong>legal notice<\/strong><\/a>.<\/li>\n<\/ol>\n<p><\/p>\n<h3><strong>PDC contact details<\/strong><\/h3>\n<p><\/p>\n<p>For the purposes of exercising your rights, please contact us via e-mail: <a style=\"color: #b01e30;\" href=\"mailto:rodo@testarmy.com\">rodo@testarmy.com<\/a> or through the contact details provided in the aforementioned legal notices.<\/p>\n<p><\/p>\n<h3><strong>Statistical and marketing tools<\/strong><\/h3>\n<p><\/p>\n<ol>\n<li>PDC uses\u00a0Google Analytics, which uses cookies on your device to compile statistics about the amount of traffic to PDC\u2019s sites and the manner of using the Sites. The data received is processed in an aggregate and anonymized manner (this means that it prevents the identification of the person). Each user has the ability to block the transmission of data from electronic devices to Google Analytics by downloading and installing a free browser plug-in, available at:\u00a0<a href=\"https:\/\/tools.google.com\/dlpage\/gaoptout\">https:\/\/tools.google.com\/dlpage\/gaoptout<\/a>.<\/li>\n<li>In order to advertise the sites and services provided by PDC, PDC also uses\u00a0Google Ads, which uses cookies placed on the user\u2019s device. Detailed information about how Google collects and processes data is available at:\u00a0<a href=\"http:\/\/www.google.com\/intl\/pl\/policies\/privacy\/partners\/\">www.google.com\/intl\/pl\/policies\/privacy\/partners\/<\/a>.<\/li>\n<li>PDC uses the\u00a0LinkedIn Insight Tag, provided by LinkedIn Corporation. The tool provides detailed campaign reporting and unlocks information about site visitors. PDC uses it to track activity, retarget site visitors and unlock additional information about users interacting with PDC ads on LinkedIn. This tool allows the collection of encrypted metadata regarding IP address and page view information, among other things. For more information on Linkedin\u2019s privacy policy, visit:\u00a0<a href=\"https:\/\/www.linkedin.com\/legal\/privacy-policy\">https:\/\/www.linkedin.com\/legal\/privacy-policy<\/a>.<\/li>\n<li>PDC uses\u00a0Facebook\u2018s remarketing tools (i.e., if, for example, a user accesses the site and becomes interested in a certain topic \u2013\u00a0it will be possible to see ads tailored to their interests on Facebook). You can find detailed information on how the pixel works and what data it collects at:\u00a0<a href=\"https:\/\/www.facebook.com\/business\/gdpr\">https:\/\/www.facebook.com\/business\/gdpr<\/a>. The information collected by Facebook tools is anonymous, i.e. it does not allow us to identify you. However, Facebook may combine this information with other information about you collected through your use of Facebook and use it for its own purposes, including marketing. For more information on Facebook\u2019s privacy policy, visit:\u00a0<a style=\"color: #b01e30;\" href=\"https:\/\/transparency.meta.com\/\">https:\/\/transparency.meta.com\/<\/a>.<\/li>\n<\/ol>\n<p><\/p>\n<h3><strong>Cookies<\/strong><\/h3>\n<p><\/p>\n<p>The PDC on the websites is \u201cTESTARMY GROUP SP\u00d3\u0141KA AKCYJNA ul. Petuniowa 9\/5, 53-238 Wroc\u0142aw (hereinafter referred to as \u201cPDC\u201d).<\/p>\n<p><\/p>\n<p>The sites use cookies. Cookies are IT data, so-called \u201ctext files\u201d, which are stored on the device of the user using the sites (e.g. computer, tablet, smartphone) and are intended for use by the sites. The sites do not collect any information automatically, except for the information contained in cookies.<\/p>\n<p><\/p>\n<p>Cookies are used by PDC for the following purposes:<\/p>\n<p><\/p>\n<ol>\n<li>Necessary\u00a0cookies enable the use of the website by enabling basic functions such as site navigation and access to secure areas of the site. Without these cookies, the website cannot function properly.<\/li>\n<li>Preference\u00a0cookies allow a website to remember information that changes the way you behave or how the website looks, such as your preferred language or the region you are in.<\/li>\n<li>Statistical\u00a0cookies help website owners understand how visitors interact with websites by anonymously collecting and reporting information.<\/li>\n<li>Marketing\u00a0cookies are used to track visitors to websites. The intention is to display ads that are relevant and interesting to the individual user, and thus more valuable to publishers and third-party advertisers.<\/li>\n<li>Unclassified\u00a0cookies are cookies that we are in the process of classifying, along with the providers of the individual cookies.<\/li>\n<\/ol>\n<p><\/p>\n<p>PDC uses cookies based on the user\u2019s consent, except when cookies are necessary for the proper provision of electronic services to the user. Cookies that are not necessary for the proper provision of the electronic service remain blocked until the user consents to the use of cookies. During the first visit to PDC\u2019s sites, a message is displayed to the user asking for the user\u2019s consent along with the option to manage cookies, i.e. decide which cookies the user agrees to and which he wants to block.<\/p>\n<p><\/p>\n<p>Please note that disabling or restricting cookies may prevent you from using some of the features available on PDC\u2019s website and cause difficulties in using the website, as well as many other websites that use cookies. Withdrawal of consent for the use of cookies is also possible via browser settings. Web browsers also offer incognito mode. You can use it if you don\u2019t want information about the pages you visited and the files you downloaded to be stored in your browsing and download history. Cookies created in incognito mode are deleted when all windows of this mode are closed.<\/p>\n<p><\/p>\n<p>For more detailed information, please see the links below:<\/p>\n<p><\/p>\n<ul>\n<li><strong>Edge<\/strong>: <a style=\"color: #b01e30;\" href=\"https:\/\/support.microsoft.com\/pl-pl\/windows\/zarz%C4%85dzanie-plikami-cookie-w-przegl%C4%85darce-microsoft-edge-wy%C5%9Bwietlanie-zezwalanie-blokowanie-usuwanie-i-u%C5%BCywanie-168dab11-0753-043d-7c16-ede5947fc64d\">https:\/\/support.microsoft.com\/pl-pl\/windows\/zarz\u0105dzanie-plikami-cookie-w-przegl\u0105rce-microsoft-edge-wy\u015bwietlanie-zezwalanie-blokowanie-usuwanie-i-u\u017cywanie<\/a><\/li>\n<li><strong>Mozilla Firefox<\/strong>: <a style=\"color: #b01e30;\" href=\"http:\/\/support.mozilla.org\/pl\/kb\/ciasteczka\">http:\/\/support.mozilla.org\/pl\/kb\/ciasteczka<\/a><\/li>\n<li><strong>Google Chrome<\/strong>: <a style=\"color: #b01e30;\" href=\"https:\/\/support.google.com\/chrome\/answer\/95647?hl=pl\">https:\/\/support.google.com\/chrome\/answer\/95647?hl=pl<\/a><\/li>\n<li><strong>Opera<\/strong>: <a style=\"color: #b01e30;\" href=\"https:\/\/help.opera.com\/en\/latest\/web-preferences\/#cookies\">https:\/\/help.opera.com\/en\/latest\/web-preferences\/#cookies<\/a><\/li>\n<li><strong>Safari<\/strong>: <a style=\"color: #b01e30;\" href=\"https:\/\/support.apple.com\/guide\/safari\/manage-cookies-sfri11471\/mac\">https:\/\/support.apple.com\/guide\/safari\/manage-cookies-sfri11471\/mac<\/a><\/li>\n<\/ul>\n<p><\/p>\n<p>In the absence of consent or in the case of withdrawal of consent for a given type and provider of cookies (in the case of non-acceptance of the installation of cookies in accordance with the settings of the browser) PDC shall not install the respective cookie types on the User\u2019s terminal device.<\/p>\n<p>[\/et_pb_text][\/et_pb_column][\/et_pb_row][\/et_pb_section]<\/p>\n","protected":false},"excerpt":{"rendered":"<p>Privacy policy (GDPR)This Privacy Policy (hereinafter referred to as the \u201cPolicy\u201d) defines the issues related to the processing of personal data and statistical and marketing tools on the websites used by the PDC (hereinafter referred to as the \u201cSites\u201d) by \u201cTESTARMY GROUP SP\u00d3\u0141KA AKCYJNA with its registered office at ul. Petuniowa 9\/5, 53-238 Wroc\u0142aw (hereinafter [&hellip;]<\/p>\n","protected":false},"author":28,"featured_media":0,"parent":0,"menu_order":0,"comment_status":"closed","ping_status":"closed","template":"","meta":{"_et_pb_use_builder":"on","_et_pb_old_content":"","_et_gb_content_width":"","inline_featured_image":false,"footnotes":""},"class_list":["post-254126","page","type-page","status-publish","hentry"],"yoast_head":"<!-- This site is optimized with the Yoast SEO plugin v27.2 - https:\/\/yoast.com\/product\/yoast-seo-wordpress\/ -->\n<title>Privacy Policy (GDPR) - CyberForces<\/title>\n<meta name=\"robots\" content=\"index, follow, max-snippet:-1, max-image-preview:large, max-video-preview:-1\" \/>\n<link rel=\"canonical\" href=\"https:\/\/cyberforces.com\/polityka-prywatnosci-rodo\" \/>\n<meta property=\"og:locale\" content=\"en_US\" \/>\n<meta property=\"og:type\" content=\"article\" \/>\n<meta property=\"og:title\" content=\"Privacy Policy (GDPR) - CyberForces\" \/>\n<meta property=\"og:description\" content=\"Privacy policy (GDPR)This Privacy Policy (hereinafter referred to as the \u201cPolicy\u201d) defines the issues related to the processing of personal data and statistical and marketing tools on the websites used by the PDC (hereinafter referred to as the \u201cSites\u201d) by \u201cTESTARMY GROUP SP\u00d3\u0141KA AKCYJNA with its registered office at ul. Petuniowa 9\/5, 53-238 Wroc\u0142aw (hereinafter [&hellip;]\" \/>\n<meta property=\"og:url\" content=\"https:\/\/cyberforces.com\/polityka-prywatnosci-rodo\" \/>\n<meta property=\"og:site_name\" content=\"CyberForces\" \/>\n<meta property=\"article:publisher\" content=\"https:\/\/www.facebook.com\/TestArmyCyberForces\/\" \/>\n<meta property=\"article:modified_time\" content=\"2025-12-17T14:47:59+00:00\" \/>\n<meta name=\"twitter:card\" content=\"summary_large_image\" \/>\n<meta name=\"twitter:label1\" content=\"Est. reading time\" \/>\n\t<meta name=\"twitter:data1\" content=\"7 minutes\" \/>\n<script type=\"application\/ld+json\" class=\"yoast-schema-graph\">{\"@context\":\"https:\/\/schema.org\",\"@graph\":[{\"@type\":\"WebPage\",\"@id\":\"https:\/\/cyberforces.com\/polityka-prywatnosci-rodo\",\"url\":\"https:\/\/cyberforces.com\/polityka-prywatnosci-rodo\",\"name\":\"Privacy Policy (GDPR) - CyberForces\",\"isPartOf\":{\"@id\":\"https:\/\/cyberforces.com\/#website\"},\"datePublished\":\"2025-12-17T14:47:58+00:00\",\"dateModified\":\"2025-12-17T14:47:59+00:00\",\"breadcrumb\":{\"@id\":\"https:\/\/cyberforces.com\/polityka-prywatnosci-rodo#breadcrumb\"},\"inLanguage\":\"en-US\",\"potentialAction\":[{\"@type\":\"ReadAction\",\"target\":[\"https:\/\/cyberforces.com\/polityka-prywatnosci-rodo\"]}]},{\"@type\":\"BreadcrumbList\",\"@id\":\"https:\/\/cyberforces.com\/polityka-prywatnosci-rodo#breadcrumb\",\"itemListElement\":[{\"@type\":\"ListItem\",\"position\":1,\"name\":\"Strona g\u0142\u00f3wna\",\"item\":\"https:\/\/cyberforces.com\/\"},{\"@type\":\"ListItem\",\"position\":2,\"name\":\"Privacy Policy (GDPR)\"}]},{\"@type\":\"WebSite\",\"@id\":\"https:\/\/cyberforces.com\/#website\",\"url\":\"https:\/\/cyberforces.com\/\",\"name\":\"CyberForces\",\"description\":\"Testy bezpiecze\u0144stwa z TestArmy CyberForces. Testy penetracyjne, hackowanie aplikacji webowych i mobilnych, testy socjotechniczne. Dowiedz si\u0119 wi\u0119cej!\",\"publisher\":{\"@id\":\"https:\/\/cyberforces.com\/#organization\"},\"potentialAction\":[{\"@type\":\"SearchAction\",\"target\":{\"@type\":\"EntryPoint\",\"urlTemplate\":\"https:\/\/cyberforces.com\/?s={search_term_string}\"},\"query-input\":{\"@type\":\"PropertyValueSpecification\",\"valueRequired\":true,\"valueName\":\"search_term_string\"}}],\"inLanguage\":\"en-US\"},{\"@type\":\"Organization\",\"@id\":\"https:\/\/cyberforces.com\/#organization\",\"name\":\"TestArmy Group S. A.\",\"url\":\"https:\/\/cyberforces.com\/\",\"logo\":{\"@type\":\"ImageObject\",\"inLanguage\":\"en-US\",\"@id\":\"https:\/\/cyberforces.com\/#\/schema\/logo\/image\/\",\"url\":\"https:\/\/cyberforces.com\/wp-content\/uploads\/CyberForces-logo.png\",\"contentUrl\":\"https:\/\/cyberforces.com\/wp-content\/uploads\/CyberForces-logo.png\",\"width\":1210,\"height\":173,\"caption\":\"TestArmy Group S. A.\"},\"image\":{\"@id\":\"https:\/\/cyberforces.com\/#\/schema\/logo\/image\/\"},\"sameAs\":[\"https:\/\/www.facebook.com\/TestArmyCyberForces\/\",\"https:\/\/www.linkedin.com\/company\/cyberforcescom\/\",\"https:\/\/www.instagram.com\/cyberforces__\"]}]}<\/script>\n<!-- \/ Yoast SEO plugin. -->","yoast_head_json":{"title":"Privacy Policy (GDPR) - CyberForces","robots":{"index":"index","follow":"follow","max-snippet":"max-snippet:-1","max-image-preview":"max-image-preview:large","max-video-preview":"max-video-preview:-1"},"canonical":"https:\/\/cyberforces.com\/polityka-prywatnosci-rodo","og_locale":"en_US","og_type":"article","og_title":"Privacy Policy (GDPR) - CyberForces","og_description":"Privacy policy (GDPR)This Privacy Policy (hereinafter referred to as the \u201cPolicy\u201d) defines the issues related to the processing of personal data and statistical and marketing tools on the websites used by the PDC (hereinafter referred to as the \u201cSites\u201d) by \u201cTESTARMY GROUP SP\u00d3\u0141KA AKCYJNA with its registered office at ul. Petuniowa 9\/5, 53-238 Wroc\u0142aw (hereinafter [&hellip;]","og_url":"https:\/\/cyberforces.com\/polityka-prywatnosci-rodo","og_site_name":"CyberForces","article_publisher":"https:\/\/www.facebook.com\/TestArmyCyberForces\/","article_modified_time":"2025-12-17T14:47:59+00:00","twitter_card":"summary_large_image","twitter_misc":{"Est. reading time":"7 minutes"},"schema":{"@context":"https:\/\/schema.org","@graph":[{"@type":"WebPage","@id":"https:\/\/cyberforces.com\/polityka-prywatnosci-rodo","url":"https:\/\/cyberforces.com\/polityka-prywatnosci-rodo","name":"Privacy Policy (GDPR) - CyberForces","isPartOf":{"@id":"https:\/\/cyberforces.com\/#website"},"datePublished":"2025-12-17T14:47:58+00:00","dateModified":"2025-12-17T14:47:59+00:00","breadcrumb":{"@id":"https:\/\/cyberforces.com\/polityka-prywatnosci-rodo#breadcrumb"},"inLanguage":"en-US","potentialAction":[{"@type":"ReadAction","target":["https:\/\/cyberforces.com\/polityka-prywatnosci-rodo"]}]},{"@type":"BreadcrumbList","@id":"https:\/\/cyberforces.com\/polityka-prywatnosci-rodo#breadcrumb","itemListElement":[{"@type":"ListItem","position":1,"name":"Strona g\u0142\u00f3wna","item":"https:\/\/cyberforces.com\/"},{"@type":"ListItem","position":2,"name":"Privacy Policy (GDPR)"}]},{"@type":"WebSite","@id":"https:\/\/cyberforces.com\/#website","url":"https:\/\/cyberforces.com\/","name":"CyberForces","description":"Testy bezpiecze\u0144stwa z TestArmy CyberForces. Testy penetracyjne, hackowanie aplikacji webowych i mobilnych, testy socjotechniczne. Dowiedz si\u0119 wi\u0119cej!","publisher":{"@id":"https:\/\/cyberforces.com\/#organization"},"potentialAction":[{"@type":"SearchAction","target":{"@type":"EntryPoint","urlTemplate":"https:\/\/cyberforces.com\/?s={search_term_string}"},"query-input":{"@type":"PropertyValueSpecification","valueRequired":true,"valueName":"search_term_string"}}],"inLanguage":"en-US"},{"@type":"Organization","@id":"https:\/\/cyberforces.com\/#organization","name":"TestArmy Group S. A.","url":"https:\/\/cyberforces.com\/","logo":{"@type":"ImageObject","inLanguage":"en-US","@id":"https:\/\/cyberforces.com\/#\/schema\/logo\/image\/","url":"https:\/\/cyberforces.com\/wp-content\/uploads\/CyberForces-logo.png","contentUrl":"https:\/\/cyberforces.com\/wp-content\/uploads\/CyberForces-logo.png","width":1210,"height":173,"caption":"TestArmy Group S. A."},"image":{"@id":"https:\/\/cyberforces.com\/#\/schema\/logo\/image\/"},"sameAs":["https:\/\/www.facebook.com\/TestArmyCyberForces\/","https:\/\/www.linkedin.com\/company\/cyberforcescom\/","https:\/\/www.instagram.com\/cyberforces__"]}]}},"_links":{"self":[{"href":"https:\/\/cyberforces.com\/en\/wp-json\/wp\/v2\/pages\/254126","targetHints":{"allow":["GET"]}}],"collection":[{"href":"https:\/\/cyberforces.com\/en\/wp-json\/wp\/v2\/pages"}],"about":[{"href":"https:\/\/cyberforces.com\/en\/wp-json\/wp\/v2\/types\/page"}],"author":[{"embeddable":true,"href":"https:\/\/cyberforces.com\/en\/wp-json\/wp\/v2\/users\/28"}],"replies":[{"embeddable":true,"href":"https:\/\/cyberforces.com\/en\/wp-json\/wp\/v2\/comments?post=254126"}],"version-history":[{"count":2,"href":"https:\/\/cyberforces.com\/en\/wp-json\/wp\/v2\/pages\/254126\/revisions"}],"predecessor-version":[{"id":254128,"href":"https:\/\/cyberforces.com\/en\/wp-json\/wp\/v2\/pages\/254126\/revisions\/254128"}],"wp:attachment":[{"href":"https:\/\/cyberforces.com\/en\/wp-json\/wp\/v2\/media?parent=254126"}],"curies":[{"name":"wp","href":"https:\/\/api.w.org\/{rel}","templated":true}]}}